{"id":11,"date":"2015-01-27T06:00:40","date_gmt":"2015-01-27T06:00:40","guid":{"rendered":"http:\/\/luftsportverein-fuessen.de\/?page_id=11"},"modified":"2024-03-19T16:25:58","modified_gmt":"2024-03-19T15:25:58","slug":"unsere-flugzeuge","status":"publish","type":"page","link":"https:\/\/luftsportverein-fuessen.de\/?page_id=11","title":{"rendered":"Unsere Flugzeuge"},"content":{"rendered":"<p>Der Verein besitzt f\u00fcnf Segelflugzeuge sowie einen Motorsegler und ein Ultraleichtflugzeug. Diese Flugzeuge stehen allen Mitgliedern zur Verf\u00fcgung. Wir haben keine Staffelung, wonach die besten Flugzeuge erst nach soundsoviel Stunden eigener Flugerfahrung genutzt werden d\u00fcrfen. Sogar Flugsch\u00fcler d\u00fcrfen in die besten Flugzeuge steigen \u2013 sofern der Fluglehrer einverstanden ist.<\/p>\n\n<table id=\"tablepress-1\" class=\"tablepress tablepress-id-1\">\n<tbody>\n<tr class=\"row-1\">\n\t<td class=\"column-1\"><a href=\"http:\/\/luftsportverein-fuessen.de\/wp-content\/uploads\/2015\/01\/Duo_Fuessen.jpg\"><img loading=\"lazy\" decoding=\"async\" src=\"http:\/\/luftsportverein-fuessen.de\/wp-content\/uploads\/2015\/01\/Duo_Fuessen-300x225.jpg\" alt=\"DCIM105GOPRO\" width=\"300\" height=\"225\" class=\"alignleft size-medium wp-image-102\" srcset=\"https:\/\/luftsportverein-fuessen.de\/wp-content\/uploads\/2015\/01\/Duo_Fuessen-300x225.jpg 300w, https:\/\/luftsportverein-fuessen.de\/wp-content\/uploads\/2015\/01\/Duo_Fuessen-1024x768.jpg 1024w, https:\/\/luftsportverein-fuessen.de\/wp-content\/uploads\/2015\/01\/Duo_Fuessen-135x100.jpg 135w\" sizes=\"auto, (max-width: 300px) 100vw, 300px\" \/><\/a><\/td><td class=\"column-2\">Duo Discus<br \/>\n<br \/>\nDer Duo Discus ist die zweisitzige Variante des Discus. Zu zweit auf Strecke gehen macht doppelt Spa\u00df. Unser weitester Flug mit ihm war 980 km weit.<br \/>\n<br \/>\nBaujahr: 1999<br \/>\nGleitzahl: 44<\/td>\n<\/tr>\n<tr class=\"row-2\">\n\t<td class=\"column-1\"><a href=\"http:\/\/luftsportverein-fuessen.de\/wp-content\/uploads\/2015\/01\/Discus.jpg\"><img loading=\"lazy\" decoding=\"async\" src=\"http:\/\/luftsportverein-fuessen.de\/wp-content\/uploads\/2015\/01\/Discus-300x225.jpg\" alt=\"Discus\" width=\"300\" height=\"225\" class=\"alignleft size-medium wp-image-101\" srcset=\"https:\/\/luftsportverein-fuessen.de\/wp-content\/uploads\/2015\/01\/Discus-300x225.jpg 300w, https:\/\/luftsportverein-fuessen.de\/wp-content\/uploads\/2015\/01\/Discus-1024x768.jpg 1024w, https:\/\/luftsportverein-fuessen.de\/wp-content\/uploads\/2015\/01\/Discus-135x100.jpg 135w\" sizes=\"auto, (max-width: 300px) 100vw, 300px\" \/><\/a><\/td><td class=\"column-2\">Discus CS<br \/>\n<br \/>\nDer Discus ist unser Leistungseinsitzer. Er hat schon Strecken von 800 Kilometern geschafft. In seine Fl\u00fcgel kann man bis zu 180 Liter Wasser als Ballast einf\u00fcllen, um bei starker Thermik schnell von einem Aufwind zum n\u00e4chsten fliegen zu k\u00f6nnen.<br \/>\n<br \/>\nBaujahr: 1991<br \/>\nGleitzahl: 42<\/td>\n<\/tr>\n<tr class=\"row-3\">\n\t<td class=\"column-1\"><a href=\"http:\/\/luftsportverein-fuessen.de\/wp-content\/uploads\/2015\/01\/Puchacz.jpg\"><img loading=\"lazy\" decoding=\"async\" src=\"http:\/\/luftsportverein-fuessen.de\/wp-content\/uploads\/2015\/01\/Puchacz-300x169.jpg\" alt=\"Puchacz\" width=\"300\" height=\"169\" class=\"alignleft size-medium wp-image-89\" srcset=\"https:\/\/luftsportverein-fuessen.de\/wp-content\/uploads\/2015\/01\/Puchacz-300x169.jpg 300w, https:\/\/luftsportverein-fuessen.de\/wp-content\/uploads\/2015\/01\/Puchacz.jpg 700w\" sizes=\"auto, (max-width: 300px) 100vw, 300px\" \/><\/a><\/td><td class=\"column-2\">SZD-50-3 Puchacz<br \/>\n<br \/>\nDer Puchacz (polnisch f\u00fcr Eule) ist unser Arbeitspferd. Jeder Flugsch\u00fcler beginnt bei uns seine Karriere auf diesem Flugzeug.<br \/>\n<br \/>\nBaujahr: 1997<br \/>\nGleitzahl: 30<\/td>\n<\/tr>\n<tr class=\"row-4\">\n\t<td class=\"column-1\"><a href=\"http:\/\/luftsportverein-fuessen.de\/wp-content\/uploads\/2015\/01\/Astir.jpg\"><img loading=\"lazy\" decoding=\"async\" src=\"http:\/\/luftsportverein-fuessen.de\/wp-content\/uploads\/2015\/01\/Astir-300x151.jpg\" alt=\"Astir\" width=\"300\" height=\"151\" class=\"alignleft size-medium wp-image-70\" srcset=\"https:\/\/luftsportverein-fuessen.de\/wp-content\/uploads\/2015\/01\/Astir-300x151.jpg 300w, https:\/\/luftsportverein-fuessen.de\/wp-content\/uploads\/2015\/01\/Astir.jpg 918w\" sizes=\"auto, (max-width: 300px) 100vw, 300px\" \/><\/a><\/td><td class=\"column-2\">Astir CS<br \/>\n<br \/>\nDer Astir ist unser Schulungseinsitzer und eignet sich auch f\u00fcr kleinere Streckenfl\u00fcge.<br \/>\n<br \/>\nBaujahr: 1976<br \/>\nGleitzahl: 36<\/td>\n<\/tr>\n<tr class=\"row-5\">\n\t<td class=\"column-1\"><a href=\"http:\/\/luftsportverein-fuessen.de\/wp-content\/uploads\/2015\/01\/Ka8_2.jpg\"><img loading=\"lazy\" decoding=\"async\" src=\"http:\/\/luftsportverein-fuessen.de\/wp-content\/uploads\/2015\/01\/Ka8_2-300x225.jpg\" alt=\"Ka8_2\" width=\"300\" height=\"225\" class=\"alignleft size-medium wp-image-83\" srcset=\"https:\/\/luftsportverein-fuessen.de\/wp-content\/uploads\/2015\/01\/Ka8_2-300x225.jpg 300w, https:\/\/luftsportverein-fuessen.de\/wp-content\/uploads\/2015\/01\/Ka8_2-1024x768.jpg 1024w, https:\/\/luftsportverein-fuessen.de\/wp-content\/uploads\/2015\/01\/Ka8_2-135x100.jpg 135w, https:\/\/luftsportverein-fuessen.de\/wp-content\/uploads\/2015\/01\/Ka8_2.jpg 1600w\" sizes=\"auto, (max-width: 300px) 100vw, 300px\" \/><\/a><\/td><td class=\"column-2\">Ka 8b<br \/>\n<br \/>\nDie Ka 8b ist unser Oldtimer. Anders als die anderen Segelflugzeuge ist es nicht aus Kunststoff, sondern aus Holz gebaut und die Fl\u00fcgel sind mit Stoff bespannt. Dadurch ist sie leichter und kann im Aufwind den neueren Flugzeugen wegsteigen.<br \/>\n<br \/>\nBaujahr: 1965<br \/>\nGleitzahl: 28<\/td>\n<\/tr>\n<tr class=\"row-6\">\n\t<td class=\"column-1\"><a href=\"http:\/\/luftsportverein-fuessen.de\/wp-content\/uploads\/2015\/01\/MFAK.jpg\"><img loading=\"lazy\" decoding=\"async\" src=\"http:\/\/luftsportverein-fuessen.de\/wp-content\/uploads\/2015\/01\/MFAK-300x186.jpg\" alt=\"MFAK\" width=\"300\" height=\"186\" class=\"alignleft size-medium wp-image-86\" srcset=\"https:\/\/luftsportverein-fuessen.de\/wp-content\/uploads\/2015\/01\/MFAK-300x186.jpg 300w, https:\/\/luftsportverein-fuessen.de\/wp-content\/uploads\/2015\/01\/MFAK.jpg 968w\" sizes=\"auto, (max-width: 300px) 100vw, 300px\" \/><\/a><\/td><td class=\"column-2\">FA01 Smaragd<br \/>\n<br \/>\nDie Smaragd ist ein Ultraleichtflugzeug. Das hei\u00dft, es sein H\u00f6chstgewicht betr\u00e4gt 472 kg. Wir nutzen es vor allem als besonders leises Schleppflugzeug.<br \/>\n<br \/>\nBaujahr: 2004<br \/>\nMotor: Rotax 912 mit 100 PS<br \/>\nReisegeschwindigkeit: 180 km\/h<\/td>\n<\/tr>\n<tr class=\"row-7\">\n\t<td class=\"column-1\"><a href=\"http:\/\/luftsportverein-fuessen.de\/wp-content\/uploads\/2015\/01\/KTIB.jpg\"><img loading=\"lazy\" decoding=\"async\" src=\"http:\/\/luftsportverein-fuessen.de\/wp-content\/uploads\/2015\/01\/KTIB-300x168.jpg\" alt=\"KTIB\" width=\"300\" height=\"168\" class=\"alignleft size-medium wp-image-84\" srcset=\"https:\/\/luftsportverein-fuessen.de\/wp-content\/uploads\/2015\/01\/KTIB-300x168.jpg 300w, https:\/\/luftsportverein-fuessen.de\/wp-content\/uploads\/2015\/01\/KTIB-1024x573.jpg 1024w, https:\/\/luftsportverein-fuessen.de\/wp-content\/uploads\/2015\/01\/KTIB.jpg 1043w\" sizes=\"auto, (max-width: 300px) 100vw, 300px\" \/><\/a><\/td><td class=\"column-2\">SF 25C<br \/>\n<br \/>\nDer Motorsegler zeichnet sich durch besonders harmonische Flugeigenschaften aus.<br \/>\n<br \/>\nBaujahr: 1994<br \/>\nMotor: Rotax 912 mit 80 PS<br \/>\nReisegeschwindigkeit: 130 km\/h<\/td>\n<\/tr>\n<\/tbody>\n<\/table>\n<!-- #tablepress-1 from cache -->\n","protected":false},"excerpt":{"rendered":"<p>Der Verein besitzt f\u00fcnf Segelflugzeuge sowie einen Motorsegler und ein Ultraleichtflugzeug. Diese Flugzeuge stehen allen Mitgliedern zur Verf\u00fcgung. Wir haben keine Staffelung, wonach die besten Flugzeuge erst nach soundsoviel Stunden eigener Flugerfahrung genutzt werden d\u00fcrfen. Sogar Flugsch\u00fcler d\u00fcrfen in die besten Flugzeuge steigen \u2013 sofern der Fluglehrer einverstanden ist.<\/p>\n","protected":false},"author":1,"featured_media":0,"parent":0,"menu_order":0,"comment_status":"closed","ping_status":"closed","template":"","meta":{"footnotes":""},"class_list":["post-11","page","type-page","status-publish","czr-hentry"],"_links":{"self":[{"href":"https:\/\/luftsportverein-fuessen.de\/index.php?rest_route=\/wp\/v2\/pages\/11","targetHints":{"allow":["GET"]}}],"collection":[{"href":"https:\/\/luftsportverein-fuessen.de\/index.php?rest_route=\/wp\/v2\/pages"}],"about":[{"href":"https:\/\/luftsportverein-fuessen.de\/index.php?rest_route=\/wp\/v2\/types\/page"}],"author":[{"embeddable":true,"href":"https:\/\/luftsportverein-fuessen.de\/index.php?rest_route=\/wp\/v2\/users\/1"}],"replies":[{"embeddable":true,"href":"https:\/\/luftsportverein-fuessen.de\/index.php?rest_route=%2Fwp%2Fv2%2Fcomments&post=11"}],"version-history":[{"count":36,"href":"https:\/\/luftsportverein-fuessen.de\/index.php?rest_route=\/wp\/v2\/pages\/11\/revisions"}],"predecessor-version":[{"id":167,"href":"https:\/\/luftsportverein-fuessen.de\/index.php?rest_route=\/wp\/v2\/pages\/11\/revisions\/167"}],"wp:attachment":[{"href":"https:\/\/luftsportverein-fuessen.de\/index.php?rest_route=%2Fwp%2Fv2%2Fmedia&parent=11"}],"curies":[{"name":"wp","href":"https:\/\/api.w.org\/{rel}","templated":true}]}}