{"id":13,"date":"2015-01-27T05:58:50","date_gmt":"2015-01-27T05:58:50","guid":{"rendered":"http:\/\/luftsportverein-fuessen.de\/?page_id=13"},"modified":"2024-03-18T08:00:36","modified_gmt":"2024-03-18T07:00:36","slug":"beitraege-und-gebuehren","status":"publish","type":"page","link":"https:\/\/luftsportverein-fuessen.de\/?page_id=13","title":{"rendered":"Beitr\u00e4ge und Geb\u00fchren"},"content":{"rendered":"<p>Fliegerei, so wie wir sie verstehen, soll ein Sport f\u00fcr jedermann sein und keine elit\u00e4re Veranstaltung. Daher versuchen wir, die Kosten so niedrig wie m\u00f6glich zu halten. Dadurch wird die Fliegerei ein Hobby, das sich wirklich jeder leisten kann.<\/p>\n<p>Dazu geh\u00f6rt auch unsere Segelflugpauschale. Mit ihr sind s\u00e4mtliche Flugstunden auf Vereinssegelflugzeugen abgegolten. Quasi Flatrate-Fliegen.<\/p>\n<table>\n<tbody>\n<tr>\n<td><\/td>\n<td><strong>Jugendliche<\/strong><\/td>\n<td><strong>Erwachsene<\/strong><\/td>\n<\/tr>\n<tr>\n<td>Jahresbeitrag<\/td>\n<td>180 \u20ac<\/td>\n<td>240 \u20ac<\/td>\n<\/tr>\n<tr>\n<td>Segelflugpauschale (j\u00e4hrlich)<\/td>\n<td>135 \u20ac<\/td>\n<td>270 \u20ac<\/td>\n<\/tr>\n<tr>\n<td>Aufnahmegeb\u00fchr (einmalig)<\/td>\n<td>200 \u20ac<\/td>\n<td>550 \u20ac<\/td>\n<\/tr>\n<\/tbody>\n<\/table>\n<p>Hinzu kommen noch die Kosten f\u00fcr Windenstarts und Flugzeugschlepp.<\/p>\n<p>Um dieses niedrige Kostenniveau zu halten, erledigen wir viele Arbeiten an den Flugzeugen und am Flugplatz selbst. Das bedeutet, dass jeder bei uns mit anpacken muss. Wir erwarten von jedem Mitglied 50 Arbeitsstunden pro Jahr. Fehlende Stunden werden finanziell ausgeglichen.<\/p>\n<p><a href=\"https:\/\/luftsportverein-fuessen.de\/wp-content\/uploads\/2015\/01\/start_2.jpg\"><img loading=\"lazy\" decoding=\"async\" class=\"alignleft size-large wp-image-164\" src=\"https:\/\/luftsportverein-fuessen.de\/wp-content\/uploads\/2015\/01\/start_2-1024x683.jpg\" alt=\"start_2\" width=\"750\" height=\"500\" srcset=\"https:\/\/luftsportverein-fuessen.de\/wp-content\/uploads\/2015\/01\/start_2-1024x683.jpg 1024w, https:\/\/luftsportverein-fuessen.de\/wp-content\/uploads\/2015\/01\/start_2-300x200.jpg 300w, https:\/\/luftsportverein-fuessen.de\/wp-content\/uploads\/2015\/01\/start_2.jpg 1200w\" sizes=\"auto, (max-width: 750px) 100vw, 750px\" \/><\/a><\/p>\n","protected":false},"excerpt":{"rendered":"<p>Fliegerei, so wie wir sie verstehen, soll ein Sport f\u00fcr jedermann sein und keine elit\u00e4re Veranstaltung. Daher versuchen wir, die Kosten so niedrig wie m\u00f6glich zu halten. Dadurch wird die Fliegerei ein Hobby, das sich wirklich jeder leisten kann. Dazu geh\u00f6rt auch unsere Segelflugpauschale. Mit ihr sind s\u00e4mtliche Flugstunden auf Vereinssegelflugzeugen abgegolten. Quasi Flatrate-Fliegen. Jugendliche [&hellip;]<\/p>\n","protected":false},"author":1,"featured_media":0,"parent":0,"menu_order":0,"comment_status":"closed","ping_status":"closed","template":"","meta":{"footnotes":""},"class_list":["post-13","page","type-page","status-publish","czr-hentry"],"_links":{"self":[{"href":"https:\/\/luftsportverein-fuessen.de\/index.php?rest_route=\/wp\/v2\/pages\/13","targetHints":{"allow":["GET"]}}],"collection":[{"href":"https:\/\/luftsportverein-fuessen.de\/index.php?rest_route=\/wp\/v2\/pages"}],"about":[{"href":"https:\/\/luftsportverein-fuessen.de\/index.php?rest_route=\/wp\/v2\/types\/page"}],"author":[{"embeddable":true,"href":"https:\/\/luftsportverein-fuessen.de\/index.php?rest_route=\/wp\/v2\/users\/1"}],"replies":[{"embeddable":true,"href":"https:\/\/luftsportverein-fuessen.de\/index.php?rest_route=%2Fwp%2Fv2%2Fcomments&post=13"}],"version-history":[{"count":7,"href":"https:\/\/luftsportverein-fuessen.de\/index.php?rest_route=\/wp\/v2\/pages\/13\/revisions"}],"predecessor-version":[{"id":1278,"href":"https:\/\/luftsportverein-fuessen.de\/index.php?rest_route=\/wp\/v2\/pages\/13\/revisions\/1278"}],"wp:attachment":[{"href":"https:\/\/luftsportverein-fuessen.de\/index.php?rest_route=%2Fwp%2Fv2%2Fmedia&parent=13"}],"curies":[{"name":"wp","href":"https:\/\/api.w.org\/{rel}","templated":true}]}}