{"id":15,"date":"2015-01-27T06:00:11","date_gmt":"2015-01-27T06:00:11","guid":{"rendered":"http:\/\/luftsportverein-fuessen.de\/?page_id=15"},"modified":"2015-01-28T22:18:01","modified_gmt":"2015-01-28T21:18:01","slug":"streckenflug","status":"publish","type":"page","link":"https:\/\/luftsportverein-fuessen.de\/?page_id=15","title":{"rendered":"Streckenflug"},"content":{"rendered":"<p><a href=\"https:\/\/luftsportverein-fuessen.de\/wp-content\/uploads\/2015\/01\/DG100.jpg\"><img loading=\"lazy\" decoding=\"async\" class=\"alignright size-medium wp-image-75\" src=\"https:\/\/luftsportverein-fuessen.de\/wp-content\/uploads\/2015\/01\/DG100-300x225.jpg\" alt=\"DG100\" width=\"300\" height=\"225\" srcset=\"https:\/\/luftsportverein-fuessen.de\/wp-content\/uploads\/2015\/01\/DG100-300x225.jpg 300w, https:\/\/luftsportverein-fuessen.de\/wp-content\/uploads\/2015\/01\/DG100-1024x768.jpg 1024w, https:\/\/luftsportverein-fuessen.de\/wp-content\/uploads\/2015\/01\/DG100-135x100.jpg 135w, https:\/\/luftsportverein-fuessen.de\/wp-content\/uploads\/2015\/01\/DG100.jpg 1280w\" sizes=\"auto, (max-width: 300px) 100vw, 300px\" \/><\/a>Weil Segelflugzeuge keinen Motor haben, sind die auf Energie von au\u00dfen angewiesen, um in der Luft zu bleiben. Diese Energie kommt vor allem von der Sonne. Die Sonne scheint auf den Boden und erw\u00e4rmt dunke, trockene Stellen besonders stark. Das Boden wiederum erw\u00e4rmt die \u00fcber ihm liegende Luft. Und weil warme Luft leichter ist, steigt sie empor. Findet der Pilot einen solchen Aufwindschlauch, beginnt er darin im Kreis zu fliegen und l\u00e4sst sich so nach oben tragen.<\/p>\n<p>Oben angekommen, fliegt der Pilot weiter und verliert dabei langsam an H\u00f6he. Eine wichtige Gr\u00f6\u00dfe ist dabei die Gleitzahl des Flugzeugs, also die Strecke, die es zur\u00fccklegen kann, bis es 1000 Meter H\u00f6he verbraucht hat. Moderne Segelflugzeuge haben eine Gleitzahl von mehr als 40, sie kommen also mit einem Kilometer H\u00f6he \u00fcber 40 Kilometer weit.<\/p>\n<p>Um wieder H\u00f6he zu gewinnen, muss der Pilot rechtzeitig einen neuen Aufwind finden. Sind die Aufwinde kr\u00e4ftig, lassen sich Durchschnittsgeschwindigkeiten von 100 km\/h und mehr erreichen. Das erm\u00f6glicht Strecken von vielen hundert Kilometern, sogar die magische 1000-Kilometer-Grenze wurde von F\u00fcssen aus schon \u00fcberwunden.<\/p>\n<p><a href=\"https:\/\/luftsportverein-fuessen.de\/wp-content\/uploads\/2015\/01\/Streckenflug_Cockpit.jpg\"><img loading=\"lazy\" decoding=\"async\" class=\"alignleft size-medium wp-image-97\" src=\"https:\/\/luftsportverein-fuessen.de\/wp-content\/uploads\/2015\/01\/Streckenflug_Cockpit-300x225.jpg\" alt=\"DCIM101GOPRO\" width=\"300\" height=\"225\" hspace=\"10\" srcset=\"https:\/\/luftsportverein-fuessen.de\/wp-content\/uploads\/2015\/01\/Streckenflug_Cockpit-300x225.jpg 300w, https:\/\/luftsportverein-fuessen.de\/wp-content\/uploads\/2015\/01\/Streckenflug_Cockpit-1024x768.jpg 1024w, https:\/\/luftsportverein-fuessen.de\/wp-content\/uploads\/2015\/01\/Streckenflug_Cockpit-135x100.jpg 135w, https:\/\/luftsportverein-fuessen.de\/wp-content\/uploads\/2015\/01\/Streckenflug_Cockpit.jpg 1296w\" sizes=\"auto, (max-width: 300px) 100vw, 300px\" \/><\/a>Der Trick ist, immer wieder einen neuen Aufwind zu finden. Erfahrene Piloten haben eine recht hohe Trefferquote, aber selbst f\u00fcr sie gibt es keine absolute Sicherheit: Das Wetter kann sich schleichend ver\u00e4ndern und die Thermik schw\u00e4cher werden lassen, der Pilot kann zwar an der richtigen Stelle sein, aber den Aufwind um wenige Minuten verpassen, Leeturbulenzen k\u00f6nnen die \u00fcppige H\u00f6he schnell dahinschmelzen lassen. Gerade diese Unsicherheit macht aber auch den Reiz am Streckenfliegen aus und selbst nach tausenden Flugstunden erlebt man immer wieder neue Situationen. Die Natur ist ein gro\u00dfer Lehrmeister.<\/p>\n<p>Was aber tun, wenn man keinen Aufwind findet? Dann sucht sich der Pilot eine Wiese und landet dort. Das ist keine Notlandung, bei der das Flugzeug vorher in eine Notsituation\u00a0 geraten ist. Es nennt sich Au\u00dfenlandung und ist bei Segelfliegern gar nicht so ungew\u00f6hnlich. Statt auf einen Flugplatz setzt der Pilot seine Maschine eben auf eine Wiese. Fliegerfreunde kommen dann mit Auto und langem Flugzeuganh\u00e4nger. In wenigen Minuten werden die Fl\u00fcgel abmontiert und das komplette Flugzeug im Anh\u00e4nger verstaut. Zur\u00fcck nach Hause geht es dann auf dem Landweg. Dort angekommen wird das Flugzeug wieder aufger\u00fcstet und ist bereit f\u00fcr den n\u00e4chsten Streckenflug.<\/p>\n<p><a href=\"https:\/\/luftsportverein-fuessen.de\/wp-content\/uploads\/2015\/01\/20140612_185156.jpg\"><img loading=\"lazy\" decoding=\"async\" class=\"alignnone size-large wp-image-187\" src=\"https:\/\/luftsportverein-fuessen.de\/wp-content\/uploads\/2015\/01\/20140612_185156-1024x768.jpg\" alt=\"20140612_185156\" width=\"750\" height=\"563\" srcset=\"https:\/\/luftsportverein-fuessen.de\/wp-content\/uploads\/2015\/01\/20140612_185156-1024x768.jpg 1024w, https:\/\/luftsportverein-fuessen.de\/wp-content\/uploads\/2015\/01\/20140612_185156-300x225.jpg 300w, https:\/\/luftsportverein-fuessen.de\/wp-content\/uploads\/2015\/01\/20140612_185156-135x100.jpg 135w\" sizes=\"auto, (max-width: 750px) 100vw, 750px\" \/><\/a><\/p>\n","protected":false},"excerpt":{"rendered":"<p>Weil Segelflugzeuge keinen Motor haben, sind die auf Energie von au\u00dfen angewiesen, um in der Luft zu bleiben. Diese Energie kommt vor allem von der Sonne. Die Sonne scheint auf den Boden und erw\u00e4rmt dunke, trockene Stellen besonders stark. Das Boden wiederum erw\u00e4rmt die \u00fcber ihm liegende Luft. Und weil warme Luft leichter ist, steigt [&hellip;]<\/p>\n","protected":false},"author":1,"featured_media":159,"parent":0,"menu_order":0,"comment_status":"closed","ping_status":"closed","template":"","meta":{"footnotes":""},"class_list":["post-15","page","type-page","status-publish","has-post-thumbnail","czr-hentry"],"_links":{"self":[{"href":"https:\/\/luftsportverein-fuessen.de\/index.php?rest_route=\/wp\/v2\/pages\/15","targetHints":{"allow":["GET"]}}],"collection":[{"href":"https:\/\/luftsportverein-fuessen.de\/index.php?rest_route=\/wp\/v2\/pages"}],"about":[{"href":"https:\/\/luftsportverein-fuessen.de\/index.php?rest_route=\/wp\/v2\/types\/page"}],"author":[{"embeddable":true,"href":"https:\/\/luftsportverein-fuessen.de\/index.php?rest_route=\/wp\/v2\/users\/1"}],"replies":[{"embeddable":true,"href":"https:\/\/luftsportverein-fuessen.de\/index.php?rest_route=%2Fwp%2Fv2%2Fcomments&post=15"}],"version-history":[{"count":7,"href":"https:\/\/luftsportverein-fuessen.de\/index.php?rest_route=\/wp\/v2\/pages\/15\/revisions"}],"predecessor-version":[{"id":189,"href":"https:\/\/luftsportverein-fuessen.de\/index.php?rest_route=\/wp\/v2\/pages\/15\/revisions\/189"}],"wp:featuredmedia":[{"embeddable":true,"href":"https:\/\/luftsportverein-fuessen.de\/index.php?rest_route=\/wp\/v2\/media\/159"}],"wp:attachment":[{"href":"https:\/\/luftsportverein-fuessen.de\/index.php?rest_route=%2Fwp%2Fv2%2Fmedia&parent=15"}],"curies":[{"name":"wp","href":"https:\/\/api.w.org\/{rel}","templated":true}]}}