{"id":19,"date":"2015-01-27T06:00:54","date_gmt":"2015-01-27T06:00:54","guid":{"rendered":"http:\/\/luftsportverein-fuessen.de\/?page_id=19"},"modified":"2026-05-04T18:36:22","modified_gmt":"2026-05-04T16:36:22","slug":"vorstandschaft","status":"publish","type":"page","link":"https:\/\/luftsportverein-fuessen.de\/?page_id=19","title":{"rendered":"Vorstandschaft"},"content":{"rendered":"<p><strong>Das ist unsere Vorstandschaft:<\/strong><\/p>\n<p>1. Vorsitzender: <a href=\"mailto: vorsitzender@luftsportverein-fuessen.de\">Johannes P\u00f6tschke<\/a><\/p>\n<p>2. Vorsitzender: <a href=\"mailto: geschaeftsfuehrer@luftsportverein-fuessen.de\">Peter von Wurmb<\/a><\/p>\n<p>Gesch\u00e4ftsf\u00fchrer \/ Kassier: <a href=\"mailto: zweiter.vorsitzender@luftsportverein-fuessen.de\">Oliver Weishaupt<\/a><\/p>\n<p>&nbsp;<\/p>\n<p>Schriftf\u00fchrer: <a href=\"mailto:Schriftfuehrer@luftsportverein-fuessen.de\">Martin Becker<\/a><\/p>\n<p>Schick uns eine E-Mail, schreibe uns oder nutze das Kontaktformular unten. Wir freuen uns, von dir zu h\u00f6ren.<\/p>\n<p><strong>Adresse:<\/strong><br \/>Luftsportverein F\u00fcssen e.V.<br \/>1. Vorsitzender Johannes P\u00f6tschke<br \/>Am Stieranger<br \/>87629 F\u00fcssen<\/p>\n<p><strong>Kontaktformular:<\/strong><br \/>\n<div class=\"wpcf7 no-js\" id=\"wpcf7-f63-o1\" lang=\"de-DE\" dir=\"ltr\" data-wpcf7-id=\"63\">\n<div class=\"screen-reader-response\"><p role=\"status\" aria-live=\"polite\" aria-atomic=\"true\"><\/p> <ul><\/ul><\/div>\n<form action=\"\/index.php?rest_route=%2Fwp%2Fv2%2Fpages%2F19#wpcf7-f63-o1\" method=\"post\" class=\"wpcf7-form init\" aria-label=\"Kontaktformular\" novalidate=\"novalidate\" data-status=\"init\">\n<fieldset class=\"hidden-fields-container\"><input type=\"hidden\" name=\"_wpcf7\" value=\"63\" \/><input type=\"hidden\" name=\"_wpcf7_version\" value=\"6.1.5\" \/><input type=\"hidden\" name=\"_wpcf7_locale\" value=\"de_DE\" \/><input type=\"hidden\" name=\"_wpcf7_unit_tag\" value=\"wpcf7-f63-o1\" \/><input type=\"hidden\" name=\"_wpcf7_container_post\" value=\"0\" \/><input type=\"hidden\" name=\"_wpcf7_posted_data_hash\" value=\"\" \/>\n<\/fieldset>\n<p>Dein Name (Pflichtfeld)\n<\/p>\n<p><span class=\"wpcf7-form-control-wrap\" data-name=\"your-name\"><input size=\"40\" maxlength=\"400\" class=\"wpcf7-form-control wpcf7-text wpcf7-validates-as-required\" aria-required=\"true\" aria-invalid=\"false\" value=\"\" type=\"text\" name=\"your-name\" \/><\/span>\n<\/p>\n<p>Deine E-Mail-Adresse (Pflichtfeld)\n<\/p>\n<p><span class=\"wpcf7-form-control-wrap\" data-name=\"your-email\"><input size=\"40\" maxlength=\"400\" class=\"wpcf7-form-control wpcf7-email wpcf7-validates-as-required wpcf7-text wpcf7-validates-as-email\" aria-required=\"true\" aria-invalid=\"false\" value=\"\" type=\"email\" name=\"your-email\" \/><\/span>\n<\/p>\n<p>Betreff\n<\/p>\n<p><span class=\"wpcf7-form-control-wrap\" data-name=\"your-subject\"><input size=\"40\" maxlength=\"400\" class=\"wpcf7-form-control wpcf7-text\" aria-invalid=\"false\" value=\"\" type=\"text\" name=\"your-subject\" \/><\/span>\n<\/p>\n<p>Deine Nachricht\n<\/p>\n<p><span class=\"wpcf7-form-control-wrap\" data-name=\"your-message\"><textarea cols=\"40\" rows=\"10\" maxlength=\"2000\" class=\"wpcf7-form-control wpcf7-textarea\" aria-invalid=\"false\" name=\"your-message\"><\/textarea><\/span>\n<\/p>\n<p><span class=\"wpcf7-form-control-wrap\" data-name=\"acceptance-737\"><span class=\"wpcf7-form-control wpcf7-acceptance\"><span class=\"wpcf7-list-item\"><label><input type=\"checkbox\" name=\"acceptance-737\" value=\"1\" aria-invalid=\"false\" \/><span class=\"wpcf7-list-item-label\">Hiermit erkl\u00e4re ich mich mit der <a href=\"https:\/\/luftsportverein-fuessen.de\/?page_id=1166\">Datenschutzerkl\u00e4rung<\/a> einverstanden.<\/span><\/label><\/span><\/span><\/span>\n<\/p>\n<p><input class=\"wpcf7-form-control wpcf7-submit has-spinner\" type=\"submit\" value=\"Senden\" \/>\n<\/p><div class=\"wpcf7-response-output\" aria-hidden=\"true\"><\/div>\n<\/form>\n<\/div>\n<\/p>\n\n\n<p><\/p>\n\n\n\n<p><\/p>\n","protected":false},"excerpt":{"rendered":"<p>Das ist unsere Vorstandschaft: 1. Vorsitzender: Johannes P\u00f6tschke 2. Vorsitzender: Peter von Wurmb Gesch\u00e4ftsf\u00fchrer \/ Kassier: Oliver Weishaupt &nbsp; Schriftf\u00fchrer: Martin Becker Schick uns eine E-Mail, schreibe uns oder nutze das Kontaktformular unten. Wir freuen uns, von dir zu h\u00f6ren. Adresse:Luftsportverein F\u00fcssen e.V.1. Vorsitzender Johannes P\u00f6tschkeAm Stieranger87629 F\u00fcssen Kontaktformular:<\/p>\n","protected":false},"author":2,"featured_media":0,"parent":0,"menu_order":0,"comment_status":"closed","ping_status":"closed","template":"","meta":{"footnotes":""},"class_list":["post-19","page","type-page","status-publish","czr-hentry"],"_links":{"self":[{"href":"https:\/\/luftsportverein-fuessen.de\/index.php?rest_route=\/wp\/v2\/pages\/19","targetHints":{"allow":["GET"]}}],"collection":[{"href":"https:\/\/luftsportverein-fuessen.de\/index.php?rest_route=\/wp\/v2\/pages"}],"about":[{"href":"https:\/\/luftsportverein-fuessen.de\/index.php?rest_route=\/wp\/v2\/types\/page"}],"author":[{"embeddable":true,"href":"https:\/\/luftsportverein-fuessen.de\/index.php?rest_route=\/wp\/v2\/users\/2"}],"replies":[{"embeddable":true,"href":"https:\/\/luftsportverein-fuessen.de\/index.php?rest_route=%2Fwp%2Fv2%2Fcomments&post=19"}],"version-history":[{"count":29,"href":"https:\/\/luftsportverein-fuessen.de\/index.php?rest_route=\/wp\/v2\/pages\/19\/revisions"}],"predecessor-version":[{"id":1484,"href":"https:\/\/luftsportverein-fuessen.de\/index.php?rest_route=\/wp\/v2\/pages\/19\/revisions\/1484"}],"wp:attachment":[{"href":"https:\/\/luftsportverein-fuessen.de\/index.php?rest_route=%2Fwp%2Fv2%2Fmedia&parent=19"}],"curies":[{"name":"wp","href":"https:\/\/api.w.org\/{rel}","templated":true}]}}