{"id":23,"date":"2015-01-27T05:59:44","date_gmt":"2015-01-27T05:59:44","guid":{"rendered":"http:\/\/luftsportverein-fuessen.de\/?page_id=23"},"modified":"2025-07-06T16:01:49","modified_gmt":"2025-07-06T14:01:49","slug":"in-fuessen-landen","status":"publish","type":"page","link":"https:\/\/luftsportverein-fuessen.de\/?page_id=23","title":{"rendered":"In F\u00fcssen fliegen \/ nach F\u00fcssen fliegen"},"content":{"rendered":"<p><strong>Gastfluggruppen<\/strong>, die gerne f\u00fcr eine Woche oder l\u00e4nger faszinierende Erfahrungen im alpinen Streckensegelflug sammeln m\u00f6chten, richten ihre Anfrage bitte an <a href=\"mailto:vorsitzender@luftsportverein-fuessen.de\">vorsitzender@luftsportverein-fuessen.de<\/a> oder rufen Sie<br \/>\n<a href=\"mailto: vorsitzender@luftsportverein-fuessen.de\">Johannes P\u00f6tschke<\/a> unter 0176 578 591 10 direkt an.<\/p>\n<p>Da wir ein Segelfluggel\u00e4nde sind, sind uns alle Arten von Segelflugzeugen immer herzlich Willkommen.<\/p>\n<p>Der Flugplatz F\u00fcssen ist f\u00fcr nicht in F\u00fcssen stationierte Motorsegler, Ultraleichtflugzeuge und Motorflugzeuge mit Schleppvorrichtung gem\u00e4\u00df unserer Platzzulassung PPR. Diese d\u00fcrfen daher nur nach R\u00fccksprache mit unserem 1. Vorsitzenden Johannes P\u00f6tschke bei uns landen. Der Flugplatz ist Wochentags nicht besetzt,\u00a0 au\u00dfer an gesetzlichen Feiertagen und teilweise w\u00e4hrend der Ferienzeiten in Bayern. Fliegen ohne Betriebsleiter ist gemn\u00e4\u00df Platzzulassung auf die am Platz stationierten Flugzeuge beschr\u00e4nkt, weshalb die Landung platzfremder Motorsegler, Ultraleichtflugzeuge und Motorflugzeuge mit Schleppvorrichtung au\u00dferhalb unserer Betriebszeiten nicht m\u00f6glich ist. Wir bitten daher von PPR Anfragen au\u00dferhalb unserer beschriebenen Betriebszeiten Abstand zu nehmen.<\/p>\n<p>Aus L\u00e4rmschutzgr\u00fcnden ist die Platzrunde exakt einzuhalten und der \u00dcberflug \u00fcber H\u00e4user zu vermeiden. Im S\u00fcden des Platzes ist die Platzrunde f\u00fcr Segelflugzeuge und im Norden des Platzes f\u00fcr alle anderen Flugzeuge. Ein Anflugbllatt wird euch bei Erteilung der PPR gern zur Verf\u00fcgung gestellt.<\/p>\n<p>Platzfrequenz: 118.935<br \/>\nElevation: 2569 ft MSL \/ 783m<br \/>\nLanderichtung: 08\/26 (Gras und Asphalt)<\/p>\n","protected":false},"excerpt":{"rendered":"<p>Gastfluggruppen, die gerne f\u00fcr eine Woche oder l\u00e4nger faszinierende Erfahrungen im alpinen Streckensegelflug sammeln m\u00f6chten, richten ihre Anfrage bitte an vorsitzender@luftsportverein-fuessen.de oder rufen Sie Johannes P\u00f6tschke unter 0176 578 591 10 direkt an. Da wir ein Segelfluggel\u00e4nde sind, sind uns alle Arten von Segelflugzeugen immer herzlich Willkommen. Der Flugplatz F\u00fcssen ist f\u00fcr nicht in F\u00fcssen [&hellip;]<\/p>\n","protected":false},"author":1,"featured_media":0,"parent":0,"menu_order":0,"comment_status":"closed","ping_status":"closed","template":"","meta":{"footnotes":""},"class_list":["post-23","page","type-page","status-publish","czr-hentry"],"_links":{"self":[{"href":"https:\/\/luftsportverein-fuessen.de\/index.php?rest_route=\/wp\/v2\/pages\/23","targetHints":{"allow":["GET"]}}],"collection":[{"href":"https:\/\/luftsportverein-fuessen.de\/index.php?rest_route=\/wp\/v2\/pages"}],"about":[{"href":"https:\/\/luftsportverein-fuessen.de\/index.php?rest_route=\/wp\/v2\/types\/page"}],"author":[{"embeddable":true,"href":"https:\/\/luftsportverein-fuessen.de\/index.php?rest_route=\/wp\/v2\/users\/1"}],"replies":[{"embeddable":true,"href":"https:\/\/luftsportverein-fuessen.de\/index.php?rest_route=%2Fwp%2Fv2%2Fcomments&post=23"}],"version-history":[{"count":6,"href":"https:\/\/luftsportverein-fuessen.de\/index.php?rest_route=\/wp\/v2\/pages\/23\/revisions"}],"predecessor-version":[{"id":1445,"href":"https:\/\/luftsportverein-fuessen.de\/index.php?rest_route=\/wp\/v2\/pages\/23\/revisions\/1445"}],"wp:attachment":[{"href":"https:\/\/luftsportverein-fuessen.de\/index.php?rest_route=%2Fwp%2Fv2%2Fmedia&parent=23"}],"curies":[{"name":"wp","href":"https:\/\/api.w.org\/{rel}","templated":true}]}}