{"id":25,"date":"2015-01-27T05:59:32","date_gmt":"2015-01-27T05:59:32","guid":{"rendered":"http:\/\/luftsportverein-fuessen.de\/?page_id=25"},"modified":"2026-05-04T18:08:15","modified_gmt":"2026-05-04T16:08:15","slug":"impressum","status":"publish","type":"page","link":"https:\/\/luftsportverein-fuessen.de\/?page_id=25","title":{"rendered":"Impressum"},"content":{"rendered":"<p><strong>Luftsportverein F\u00fcssen e.V.<\/strong><br \/>\n1. Vorsitzender: Johannes P\u00f6tschke<br \/>\nPostfach 1134<br \/>\n87617 F\u00fcssen<br \/>\n<a href=\"mailto:vorsitzender@luftsportverein-fuessen.de\">vorsitzender@luftsportverein-fuessen.de<\/a><br \/>\nTel. +49 (0)176 578 591 10<\/p>\n<p><strong>Rechnungsanschrift:<\/strong><br \/>\nLuftsportverein F\u00fcssen e.V.<br \/>\nOliver Weishaupt<br \/>\nPostfach 1134<br \/>\n87617 F\u00fcssen<br \/>\n<a href=\"mailto:geschaeftsfuehrer@luftsportverein-fuessen.de\">geschaeftsfuehrer@luftsportverein-fuessen.de<\/a><\/p>\n<p><strong>Vereinsregister:<\/strong><br \/>\nNr. 10085 im Vereinsregister des Amtsgerichts Kaufbeuren-F\u00fcssen<\/p>\n<p><strong>Finanzamt Kaufbeuren<br \/>\n<\/strong>USt-IdNr.: DE 128 678 866 (gem\u00e4\u00df \u00a7 27a Umsatzsteuergesetz)<\/p>\n<p><strong>Genehmigungsbeh\u00f6rde<br \/>\n<\/strong>Landratsamt Ostallg\u00e4u<\/p>\n<p><strong>Verantwortlich f\u00fcr den redaktionellen Inhalt\u00a0\u00a0nach \u00a7 55 Abs. 2 RStV<br \/>\n<\/strong>Oliver Weishaupt<br \/>\n<a href=\"mailto:zweiter.vorsitzender@luftsportverein-fuessen.de\">zweiter.vorsitzender@luftsportverein-fuessen.de<\/a><\/p>\n<p><strong>Hinweis auf EU-Streitschlichtung gem\u00e4\u00df Art. 14 Abs. 1 ODR-VO<\/strong>Die Europ\u00e4ische Kommission stellt eine Plattform zur Online-Streitbeilegung (OS) f\u00fcr bereit unter:\u00a0<a href=\"https:\/\/ec.europa.eu\/consumers\/odr\">https:\/\/ec.europa.eu\/consumers\/odr<\/a><\/p>\n<p><strong>Verbraucherschlichtungsstelle:<br \/>\n<\/strong>LSV-F\u00fcssen e.V. nimmt nicht an einem freiwilligen Streitbeilegungsverfahren vor einer Verbraucherschlichtungsstelle teil. Trotzdem sind wir verpflichtet, Ihnen die Kontaktdaten der zusta\u0308ndigen Stelle zu nennen. Allgemeine Verbraucherschlichtungsstelle des Zentrums fu\u0308r Schlichtung e.V.: Stra\u00dfburger Str. 8, 77694 Kehl, Tel. +49-7851-7957940, Fax +49-7851-7957941, <a href=\"http:\/\/www.verbraucher-schlichter.de\/\">www.verbraucher-schlichter.de<\/a>,\u00a0<a href=\"mailto:mail@verbraucher-schlichter.de\">mail@verbraucher-schlichter.de<\/a><\/p>\n<p><strong>NUTZUNGSBEDINGUNGEN<br \/>\n<\/strong>Die Bereitstellung von Informationen auf dieser Website erfolgt ausschlie\u00dflich unter Geltung der folgenden Nutzungsbedingungen, mit denen sich der\/die Nutzer\/-in durch Nutzung einverstanden erkl\u00e4rt:<\/p>\n<p><strong>Hinweis:<br \/>\n<\/strong>Im Falle von Domainstreitigkeiten oder wettbewerbsrechtlichen oder anderen Problemen bitten wir Sie, zu Vermeidung unn\u00f6tiger Rechtsstreite und Kosten, uns bereits im Vorfeld zu kontaktieren. Die Kostennote einer anwaltlichen Abmahnung ohne vorhergehende Kontaktaufnahme mit uns wird im Sinne der Schadensminderungspflicht als unbegr\u00fcndet zur\u00fcckgewiesen.<\/p>\n<p><strong>Soziale Netzwerke und andere Webseiten:<br \/>\n<\/strong>Dieses Impressum gilt f\u00fcr alle sozialen Netzwerke wie z.B. Facebook, Twitter, Google+, Xing, YouTube\u00a0und Seiten auf denen die Firma als Unternehmen dargestellt wird.<\/p>\n<p><strong>Inhalte<\/strong>:<br \/>\n\u00c4nderung und Irrtum vorbehalten. Die Informationen auf unserer Website werden sorgf\u00e4ltig und in regelm\u00e4\u00dfigen Abst\u00e4nden bzw. bei aktuellem Anlass \u00fcberpr\u00fcft, berichtigt, erg\u00e4nzt und aktualisiert.<\/p>\n<p>Dennoch k\u00f6nnen fehlerhafte, unrichtige und\/oder l\u00fcckenhafte Informationen enthalten sein. Auch die Abwesenheit gewerblicher oder geistiger Schutzrechte Dritter kann nicht garantiert werden. Alle genannten Firmen-, Produkt- und Markenbezeichnungen sind Eigentum der jeweiligen Inhaber und in der Regel\u00a0 marken-, gebrauchsmuster- oder patentrechtlich gesch\u00fctzt. Wir machen uns keine fremden Marken zu Eigen.<\/p>\n<p>Bitte beachten Sie, dass unsere Website teilweise Informationen enth\u00e4lt, die von Dritten selbst eingestellt werden. Die Verantwortung f\u00fcr diese Inhalte liegt vollst\u00e4ndig beim jeweiligen Autor.<\/p>\n<p><strong>Haftung:<br \/>\n<\/strong>Wir \u00fcbernehmen keine Haftung f\u00fcr unmittelbare oder mittelbare Sch\u00e4den, die durch die Nutzung dieser Website, das Vertrauen auf die darin enthaltenen Informationen oder den Download von Daten und\/oder Programmen entstehen. Dies gilt auch f\u00fcr einen m\u00f6glichen Virenbefall. Die auf unserer Website ver\u00f6ffentlichten Inhalte legen das Recht der Bundesrepublik Deutschland zugrunde. Wir \u00fcbernehmen keine Gew\u00e4hr daf\u00fcr, dass die Informationen f\u00fcr die Nutzung an anderen Orten geeignet sind oder sich in \u00dcbereinstimmung mit der Gesetzgebung dieser Orte befinden.<\/p>\n<p><strong>Links:<br \/>\n<\/strong>Links auf andere Webseiten haben lediglich informativen Charakter und spiegeln nicht zwingend unsere Meinung wieder. Wir haften nicht f\u00fcr die Inhalte fremder Webseiten und \u00fcbernehmen insbesondere auch keine Verantwortung f\u00fcr deren Inhalte, Funktionsf\u00e4higkeit, Fehlerfreiheit oder Rechtm\u00e4\u00dfigkeit.<\/p>\n<p><strong>Verlinkung:<br \/>\n<\/strong>Die Einrichtung von Links von anderen Websites auf zu dieser Website geh\u00f6rende Seiten bzw. Daten ist gestattet, wir bitten allerdings um eine entsprechende Benachrichtigung.<\/p>\n<p>Unzul\u00e4ssig und ausdr\u00fccklich unerw\u00fcnscht ist allerdings eine Verlinkung, die die Herkunft der Informationen verschleiert. Dies gilt vor allem f\u00fcr die Einbindung oder Darstellung von Seiten bzw. Daten in einem Teilfenster (Frame).<\/p>\n<p><strong>Zitate:<br \/>\n<\/strong>Die Wiedergabe von Seiten, Texten und\/oder Artikeln ist ausschlie\u00dflich nur dann gestattet, wenn sie in vollem Umfang und ohne irgendeine inhaltliche oder redaktionelle Ver\u00e4nderung wiedergegeben werden, und die Quelle genannt wird.<\/p>\n<p><strong>\u00c4nderungen:<br \/>\n<\/strong>Wir behalten uns vor, jederzeit und unangek\u00fcndigt \u00c4nderungen in den Nutzungsbedingungen vorzunehmen.<\/p>\n<p><strong>G\u00fcltigkeit:<br \/>\n<\/strong>Sollte eine der vorgenannten Klauseln ung\u00fcltig sein, wird die G\u00fcltigkeit der verbleibenden Klauseln hierdurch nicht ber\u00fchrt.<\/p>\n<p><strong>Rechtlicher Hinweis:<br \/>\n<\/strong>\u00a9 2020 LSV-F\u00fcssen e.V. Alle Rechte vorbehalten.<br \/>\nJede Vervielf\u00e4ltigung, auszugsweise oder gewerbliche Nutzung bedarf der vorherigen schriftlichen Genehmigung\u00a0.\u00a0Wir behalten uns vor, \u00c4nderungen oder Erg\u00e4nzungen der bereitgestellten Informationen oder Daten jederzeit und ohne Ank\u00fcndigung vorzunehmen.<\/p>\n<p><strong>Haftungshinweis:<br \/>\n<\/strong>Dieser Internetauftritt enth\u00e4lt Links zu anderen Internetseiten. Wir erkl\u00e4ren ausdr\u00fccklich, dass wir keinen Einfluss auf deren Inhalte und die Gestaltung dieser Internetseiten haben und machen uns Ihre Inhalte nicht zueigen.<\/p>\n<p>Trotz sorgf\u00e4ltiger inhaltlicher Kontrolle \u00fcbernehmen wir keine Haftung f\u00fcr die Inhalte externer Links. F\u00fcr den Inhalt der verlinkten Seiten sind ausschlie\u00dflich deren Betreiber verantwortlich.<\/p>\n<p><strong>Website System:<br \/>\n<\/strong>powered by\u00a0WordPress<\/p>\n","protected":false},"excerpt":{"rendered":"<p>Luftsportverein F\u00fcssen e.V. 1. Vorsitzender: Johannes P\u00f6tschke Postfach 1134 87617 F\u00fcssen vorsitzender@luftsportverein-fuessen.de Tel. +49 (0)176 578 591 10 Rechnungsanschrift: Luftsportverein F\u00fcssen e.V. Oliver Weishaupt Postfach 1134 87617 F\u00fcssen geschaeftsfuehrer@luftsportverein-fuessen.de Vereinsregister: Nr. 10085 im Vereinsregister des Amtsgerichts Kaufbeuren-F\u00fcssen Finanzamt Kaufbeuren USt-IdNr.: DE 128 678 866 (gem\u00e4\u00df \u00a7 27a Umsatzsteuergesetz) Genehmigungsbeh\u00f6rde Landratsamt Ostallg\u00e4u Verantwortlich f\u00fcr den redaktionellen [&hellip;]<\/p>\n","protected":false},"author":1,"featured_media":0,"parent":0,"menu_order":0,"comment_status":"closed","ping_status":"closed","template":"","meta":{"footnotes":""},"class_list":["post-25","page","type-page","status-publish","czr-hentry"],"_links":{"self":[{"href":"https:\/\/luftsportverein-fuessen.de\/index.php?rest_route=\/wp\/v2\/pages\/25","targetHints":{"allow":["GET"]}}],"collection":[{"href":"https:\/\/luftsportverein-fuessen.de\/index.php?rest_route=\/wp\/v2\/pages"}],"about":[{"href":"https:\/\/luftsportverein-fuessen.de\/index.php?rest_route=\/wp\/v2\/types\/page"}],"author":[{"embeddable":true,"href":"https:\/\/luftsportverein-fuessen.de\/index.php?rest_route=\/wp\/v2\/users\/1"}],"replies":[{"embeddable":true,"href":"https:\/\/luftsportverein-fuessen.de\/index.php?rest_route=%2Fwp%2Fv2%2Fcomments&post=25"}],"version-history":[{"count":14,"href":"https:\/\/luftsportverein-fuessen.de\/index.php?rest_route=\/wp\/v2\/pages\/25\/revisions"}],"predecessor-version":[{"id":1482,"href":"https:\/\/luftsportverein-fuessen.de\/index.php?rest_route=\/wp\/v2\/pages\/25\/revisions\/1482"}],"wp:attachment":[{"href":"https:\/\/luftsportverein-fuessen.de\/index.php?rest_route=%2Fwp%2Fv2%2Fmedia&parent=25"}],"curies":[{"name":"wp","href":"https:\/\/api.w.org\/{rel}","templated":true}]}}