{"id":456,"date":"2015-10-08T00:28:05","date_gmt":"2015-10-07T22:28:05","guid":{"rendered":"http:\/\/luftsportverein-fuessen.de\/?page_id=456"},"modified":"2024-05-12T10:34:24","modified_gmt":"2024-05-12T08:34:24","slug":"links","status":"publish","type":"page","link":"https:\/\/luftsportverein-fuessen.de\/?page_id=456","title":{"rendered":"Links"},"content":{"rendered":"<h2>Sport<\/h2>\n<p><a href=\"https:\/\/www.weglide.org\/flight?club=LSV%2520F%25C3%25BCssen,210\">WeGlide 2024<\/a><\/p>\n<p><a href=\"https:\/\/www.onlinecontest.org\/olc-3.0\/gliding\/club.html?cc=670&amp;st=olc-league&amp;rt=olc&amp;c=C0&amp;sc=&amp;sp=2024#\">OLC Luftsportverein F\u00fcssen 2024<\/a><\/p>\n<p><a href=\"https:\/\/www.onlinecontest.org\/olc-3.0\/gliding\/flightsOfAirfield.html?aa=FUESS1&amp;sc=&amp;st=olcp&amp;rt=olc&amp;c=C0&amp;sp=2024#\">OLC Segelflugplatz F\u00fcssen<\/a><\/p>\n<h2>Wetter allgemein<\/h2>\n<p><a href=\"https:\/\/wetterstationen.meteomedia.de\/station=109510&amp;wahl=vorhersage\">Kachelmann Hopferau<\/a><\/p>\n<p><a href=\"https:\/\/www.dhv.de\/index.php?id=10\">DHV<\/a><\/p>\n<p><a href=\"https:\/\/www.austrocontrol.at\/flugwetter\/\">Austro Control<\/a><\/p>\n<p><a href=\"https:\/\/www.flugwetter.de\/\">Flugwetter.de<\/a><\/p>\n<p><a href=\"https:\/\/www.windy.com\/47.571\/10.698?iconD2,ccl,47.358,10.698,9\">Windy<\/a><\/p>\n<h2>F\u00fcr Piloten<\/h2>\n<p><a href=\"https:\/\/secais.dfs.de\/pilotservice\/home.jsp\">Deutsche Flugsicherung<\/a>: Notams abrufen und Flugplan aufgeben (kostenlose Registrierung)<\/p>\n<p><a href=\"http:\/\/notaminfo.com\/\">Notaminfo<\/a>: Notams abrufen, auch f\u00fcr viele andere L\u00e4nder (kostenlose Registrierung)<\/p>\n<p><a href=\"https:\/\/www.skybriefing.com\/portal\/\">Skyguide<\/a>: aktive Gefahrengebiete in der Schweiz (Daily Airspace Bulletin Switzerland)<\/p>\n<p><a href=\"http:\/\/www.eurocontrol.int\/articles\/ais-online\">Eurocontrol<\/a>: kostenloser Zugang zu den meisten AIPs in Europa<\/p>\n<p><a href=\"http:\/\/fl95.de\/\">FL95<\/a>: Flugplanung online erledigen<\/p>\n","protected":false},"excerpt":{"rendered":"<p>Sport WeGlide 2024 OLC Luftsportverein F\u00fcssen 2024 OLC Segelflugplatz F\u00fcssen Wetter allgemein Kachelmann Hopferau DHV Austro Control Flugwetter.de Windy F\u00fcr Piloten Deutsche Flugsicherung: Notams abrufen und Flugplan aufgeben (kostenlose Registrierung) Notaminfo: Notams abrufen, auch f\u00fcr viele andere L\u00e4nder (kostenlose Registrierung) Skyguide: aktive Gefahrengebiete in der Schweiz (Daily Airspace Bulletin Switzerland) Eurocontrol: kostenloser Zugang zu den [&hellip;]<\/p>\n","protected":false},"author":1,"featured_media":0,"parent":0,"menu_order":0,"comment_status":"closed","ping_status":"closed","template":"","meta":{"footnotes":""},"class_list":["post-456","page","type-page","status-publish","czr-hentry"],"_links":{"self":[{"href":"https:\/\/luftsportverein-fuessen.de\/index.php?rest_route=\/wp\/v2\/pages\/456","targetHints":{"allow":["GET"]}}],"collection":[{"href":"https:\/\/luftsportverein-fuessen.de\/index.php?rest_route=\/wp\/v2\/pages"}],"about":[{"href":"https:\/\/luftsportverein-fuessen.de\/index.php?rest_route=\/wp\/v2\/types\/page"}],"author":[{"embeddable":true,"href":"https:\/\/luftsportverein-fuessen.de\/index.php?rest_route=\/wp\/v2\/users\/1"}],"replies":[{"embeddable":true,"href":"https:\/\/luftsportverein-fuessen.de\/index.php?rest_route=%2Fwp%2Fv2%2Fcomments&post=456"}],"version-history":[{"count":22,"href":"https:\/\/luftsportverein-fuessen.de\/index.php?rest_route=\/wp\/v2\/pages\/456\/revisions"}],"predecessor-version":[{"id":1384,"href":"https:\/\/luftsportverein-fuessen.de\/index.php?rest_route=\/wp\/v2\/pages\/456\/revisions\/1384"}],"wp:attachment":[{"href":"https:\/\/luftsportverein-fuessen.de\/index.php?rest_route=%2Fwp%2Fv2%2Fmedia&parent=456"}],"curies":[{"name":"wp","href":"https:\/\/api.w.org\/{rel}","templated":true}]}}