{"id":9,"date":"2015-01-27T06:00:21","date_gmt":"2015-01-27T06:00:21","guid":{"rendered":"http:\/\/luftsportverein-fuessen.de\/?page_id=9"},"modified":"2016-11-28T21:58:54","modified_gmt":"2016-11-28T20:58:54","slug":"ueber-uns","status":"publish","type":"page","link":"https:\/\/luftsportverein-fuessen.de\/?page_id=9","title":{"rendered":"\u00dcber uns"},"content":{"rendered":"<p>Wir sind ein kleiner, aber recht aktiver Segelflugverein, in dem auch mit Motorsegler und Ultraleichtflugzeug geflogen wird. Wir haben rund 35 aktive Mitglieder. Damit m\u00f6glichst jeder den Pilotenschein machen kann, halten wir das Fliegen kosteng\u00fcnstig.<\/p>\n<p>Unser Flugplatz liegt in einem segelfliegerischen Paradies: ganz nah an den Alpen mit ihren fantastischen Flugrevieren. Dorthin fliegen wir meistens, denn die Aufwinde \u00fcber den Bergen sind besser als die \u00fcber dem Flachland. Sind die Berge in Wolken geh\u00fcllt, k\u00f6nnen wir ganz einfach ins Flachland ausweichen.<\/p>\n<p>Unsere Streckenfl\u00fcge kannst du dir im <a href=\"http:\/\/www.onlinecontest.org\/olc-2.0\/gliding\/club.html?cc=670&amp;st=olcp&amp;rt=olc&amp;c=C0&amp;sc=&amp;sp=2017\">Online-Contest<\/a> anschauen.<\/p>\n<p><a href=\"https:\/\/luftsportverein-fuessen.de\/wp-content\/uploads\/2015\/01\/Bergfalke_2.jpg\"><img loading=\"lazy\" decoding=\"async\" class=\" size-large wp-image-72 alignleft\" src=\"https:\/\/luftsportverein-fuessen.de\/wp-content\/uploads\/2015\/01\/Bergfalke_2-1024x575.jpg\" alt=\"Bergfalke_2\" width=\"750\" height=\"421\" srcset=\"https:\/\/luftsportverein-fuessen.de\/wp-content\/uploads\/2015\/01\/Bergfalke_2-1024x575.jpg 1024w, https:\/\/luftsportverein-fuessen.de\/wp-content\/uploads\/2015\/01\/Bergfalke_2-300x169.jpg 300w\" sizes=\"auto, (max-width: 750px) 100vw, 750px\" \/><\/a><\/p>\n","protected":false},"excerpt":{"rendered":"<p>Wir sind ein kleiner, aber recht aktiver Segelflugverein, in dem auch mit Motorsegler und Ultraleichtflugzeug geflogen wird. Wir haben rund 35 aktive Mitglieder. Damit m\u00f6glichst jeder den Pilotenschein machen kann, halten wir das Fliegen kosteng\u00fcnstig. Unser Flugplatz liegt in einem segelfliegerischen Paradies: ganz nah an den Alpen mit ihren fantastischen Flugrevieren. Dorthin fliegen wir meistens, [&hellip;]<\/p>\n","protected":false},"author":1,"featured_media":0,"parent":0,"menu_order":0,"comment_status":"closed","ping_status":"closed","template":"","meta":{"footnotes":""},"class_list":["post-9","page","type-page","status-publish","czr-hentry"],"_links":{"self":[{"href":"https:\/\/luftsportverein-fuessen.de\/index.php?rest_route=\/wp\/v2\/pages\/9","targetHints":{"allow":["GET"]}}],"collection":[{"href":"https:\/\/luftsportverein-fuessen.de\/index.php?rest_route=\/wp\/v2\/pages"}],"about":[{"href":"https:\/\/luftsportverein-fuessen.de\/index.php?rest_route=\/wp\/v2\/types\/page"}],"author":[{"embeddable":true,"href":"https:\/\/luftsportverein-fuessen.de\/index.php?rest_route=\/wp\/v2\/users\/1"}],"replies":[{"embeddable":true,"href":"https:\/\/luftsportverein-fuessen.de\/index.php?rest_route=%2Fwp%2Fv2%2Fcomments&post=9"}],"version-history":[{"count":4,"href":"https:\/\/luftsportverein-fuessen.de\/index.php?rest_route=\/wp\/v2\/pages\/9\/revisions"}],"predecessor-version":[{"id":1065,"href":"https:\/\/luftsportverein-fuessen.de\/index.php?rest_route=\/wp\/v2\/pages\/9\/revisions\/1065"}],"wp:attachment":[{"href":"https:\/\/luftsportverein-fuessen.de\/index.php?rest_route=%2Fwp%2Fv2%2Fmedia&parent=9"}],"curies":[{"name":"wp","href":"https:\/\/api.w.org\/{rel}","templated":true}]}}